{"id":22,"date":"2021-08-11T19:23:28","date_gmt":"2021-08-11T17:23:28","guid":{"rendered":"https:\/\/psychotherapie-rothauer.at\/?page_id=22"},"modified":"2021-09-08T17:23:53","modified_gmt":"2021-09-08T15:23:53","slug":"arbeitsschwerpunkte","status":"publish","type":"page","link":"https:\/\/psychotherapie-rothauer.at\/?page_id=22","title":{"rendered":"Arbeitsschwerpunkte"},"content":{"rendered":"<section class=\"l-section wpb_row height_small\"><div class=\"l-section-h i-cf\"><div class=\"g-cols vc_row via_grid cols_1 laptops-cols_inherit tablets-cols_inherit mobiles-cols_1 valign_top type_default stacking_default\"><div class=\"wpb_column vc_column_container\"><div class=\"vc_column-inner\"><nav class=\"g-breadcrumbs us_custom_73a5ddfc separator_icon align_left\" itemscope itemtype=\"http:\/\/schema.org\/BreadcrumbList\"><div class=\"g-breadcrumbs-item\" itemscope itemprop=\"itemListElement\" itemtype=\"http:\/\/schema.org\/ListItem\"><a itemprop=\"item\" href=\"https:\/\/psychotherapie-rothauer.at\/\"><span itemprop=\"name\">Startseite<\/span><\/a><meta itemprop=\"position\" content=\"1\"\/><\/div><div class=\"g-breadcrumbs-separator\"><i class=\"far fa-angle-right\"><\/i><\/div><div class=\"g-breadcrumbs-item\">Seiten<\/div><\/nav><div class=\"g-cols wpb_row via_grid cols_1 laptops-cols_inherit tablets-cols_inherit mobiles-cols_1 valign_top type_default stacking_default\" style=\"--columns-gap:3rem;\"><div class=\"wpb_column vc_column_container\"><div class=\"vc_column-inner\"><h3 class=\"w-text\"><span class=\"w-text-h\"><span class=\"w-text-value\">Arbeitsschwerpunkte<\/span><\/span><\/h3><div class=\"w-message us_custom_dd87a5e8 has_text_color color_green with_icon\"><div class=\"w-message-icon\"><i class=\"fas fa-info\"><\/i><\/div><div class=\"w-message-body\"><p>Ich arbeite mit jungen Erwachsenen (ab 18 Jahren), Erwachsenen und Senior*Innen<\/p>\n<\/div><\/div><div class=\"wpb_text_column us_custom_c68eac25\"><div class=\"wpb_wrapper\"><ul>\n<li style=\"list-style-type: none;\"><b>Allgemein<\/b>\n<ul>\n<li>ADHS im Erwachsenenalter<\/li>\n<li>Angst und Panik<\/li>\n<li>Anpassungsst\u00f6rung \/ -Probleme, Begleitung von Lebensentscheidungen, Ver\u00e4nderungen<\/li>\n<li>Belastungsreaktionen auf traumatische Erlebnisse<\/li>\n<li>Belastung, Stress, \u00dcberforderung, Burnout (-Pr\u00e4vention)<\/li>\n<li>Beziehungs- \/ Partnerschaftsprobleme<\/li>\n<li>Bipolare St\u00f6rung (Manie und Depression)<\/li>\n<li>Depression, Ersch\u00f6pfung<\/li>\n<li>Lebenskrisen<\/li>\n<li>Long-Covid<\/li>\n<li>Pers\u00f6nlichkeitsst\u00f6rungen<\/li>\n<li>Psychosen, Schizophrenie<\/li>\n<li>Psychosomatische Beschwerden<\/li>\n<li>Verlust, Trauer, Trennung, Krankheit, Tod<\/li>\n<li>Zwang und Zwangspektrumst\u00f6rungen<\/li>\n<\/ul>\n<p>&nbsp;<\/li>\n<li style=\"list-style-type: none;\"><b>Schwerpunkt Senior*Innen<\/b>\n<ul>\n<li>\u00dcberg\u00e4nge und Belastungen in sp\u00e4ten Lebensphasen<\/li>\n<li>Belastungen pflegender Angeh\u00f6riger (z.B. Demenz)<\/li>\n<li>Trauer, Verlust, Krankheit, Tod<\/li>\n<\/ul>\n<\/li>\n<\/ul>\n<\/div><\/div><\/div><\/div><\/div><\/div><\/div><\/div><\/div><\/section>\n","protected":false},"excerpt":{"rendered":"StartseiteSeitenArbeitsschwerpunkteIch arbeite mit jungen Erwachsenen (ab 18 Jahren), Erwachsenen und Senior*Innen Allgemein ADHS im Erwachsenenalter Angst und Panik Anpassungsst\u00f6rung \/ -Probleme, Begleitung von Lebensentscheidungen, Ver\u00e4nderungen Belastungsreaktionen auf traumatische Erlebnisse Belastung, Stress, \u00dcberforderung, Burnout (-Pr\u00e4vention) Beziehungs- \/ Partnerschaftsprobleme Bipolare St\u00f6rung (Manie und Depression) Depression, Ersch\u00f6pfung Lebenskrisen Long-Covid Pers\u00f6nlichkeitsst\u00f6rungen Psychosen, Schizophrenie Psychosomatische Beschwerden Verlust, Trauer, Trennung, Krankheit,...","protected":false},"author":1,"featured_media":115,"parent":0,"menu_order":0,"comment_status":"closed","ping_status":"closed","template":"","meta":{"footnotes":""},"class_list":["post-22","page","type-page","status-publish","has-post-thumbnail","hentry"],"_links":{"self":[{"href":"https:\/\/psychotherapie-rothauer.at\/index.php?rest_route=\/wp\/v2\/pages\/22","targetHints":{"allow":["GET"]}}],"collection":[{"href":"https:\/\/psychotherapie-rothauer.at\/index.php?rest_route=\/wp\/v2\/pages"}],"about":[{"href":"https:\/\/psychotherapie-rothauer.at\/index.php?rest_route=\/wp\/v2\/types\/page"}],"author":[{"embeddable":true,"href":"https:\/\/psychotherapie-rothauer.at\/index.php?rest_route=\/wp\/v2\/users\/1"}],"replies":[{"embeddable":true,"href":"https:\/\/psychotherapie-rothauer.at\/index.php?rest_route=%2Fwp%2Fv2%2Fcomments&post=22"}],"version-history":[{"count":34,"href":"https:\/\/psychotherapie-rothauer.at\/index.php?rest_route=\/wp\/v2\/pages\/22\/revisions"}],"predecessor-version":[{"id":464,"href":"https:\/\/psychotherapie-rothauer.at\/index.php?rest_route=\/wp\/v2\/pages\/22\/revisions\/464"}],"wp:featuredmedia":[{"embeddable":true,"href":"https:\/\/psychotherapie-rothauer.at\/index.php?rest_route=\/wp\/v2\/media\/115"}],"wp:attachment":[{"href":"https:\/\/psychotherapie-rothauer.at\/index.php?rest_route=%2Fwp%2Fv2%2Fmedia&parent=22"}],"curies":[{"name":"wp","href":"https:\/\/api.w.org\/{rel}","templated":true}]}}