{"id":37,"date":"2021-08-11T19:25:57","date_gmt":"2021-08-11T17:25:57","guid":{"rendered":"https:\/\/psychotherapie-rothauer.at\/?page_id=37"},"modified":"2026-01-07T11:14:21","modified_gmt":"2026-01-07T10:14:21","slug":"erstgespraech","status":"publish","type":"page","link":"https:\/\/psychotherapie-rothauer.at\/?page_id=37","title":{"rendered":"Erstgespr\u00e4ch"},"content":{"rendered":"<section class=\"l-section wpb_row height_small\"><div class=\"l-section-h i-cf\"><div class=\"g-cols vc_row via_grid cols_1 laptops-cols_inherit tablets-cols_inherit mobiles-cols_1 valign_top type_default stacking_default\"><div class=\"wpb_column vc_column_container\"><div class=\"vc_column-inner\"><nav class=\"g-breadcrumbs us_custom_73a5ddfc separator_icon align_left\" itemscope itemtype=\"http:\/\/schema.org\/BreadcrumbList\"><div class=\"g-breadcrumbs-item\" itemscope itemprop=\"itemListElement\" itemtype=\"http:\/\/schema.org\/ListItem\"><a itemprop=\"item\" href=\"https:\/\/psychotherapie-rothauer.at\/\"><span itemprop=\"name\">Startseite<\/span><\/a><meta itemprop=\"position\" content=\"1\"\/><\/div><div class=\"g-breadcrumbs-separator\"><i class=\"far fa-angle-right\"><\/i><\/div><div class=\"g-breadcrumbs-item\">Seiten<\/div><\/nav><h3 class=\"w-text\"><span class=\"w-text-h\"><span class=\"w-text-value\">Erstgespr\u00e4ch<\/span><\/span><\/h3><div class=\"g-cols wpb_row via_grid cols_2 laptops-cols_inherit tablets-cols_inherit mobiles-cols_1 valign_top type_default stacking_default\" style=\"--columns-gap:3rem;\"><div class=\"wpb_column vc_column_container\"><div class=\"vc_column-inner\"><div class=\"w-post-elm post_image stretched\"><img loading=\"lazy\" decoding=\"async\" width=\"1024\" height=\"683\" src=\"https:\/\/psychotherapie-rothauer.at\/wp-content\/uploads\/2025\/05\/2025-04-13-Linda-Praxis-248-1024x683.jpg\" class=\"attachment-large size-large wp-post-image\" alt=\"\" srcset=\"https:\/\/psychotherapie-rothauer.at\/wp-content\/uploads\/2025\/05\/2025-04-13-Linda-Praxis-248-1024x683.jpg 1024w, https:\/\/psychotherapie-rothauer.at\/wp-content\/uploads\/2025\/05\/2025-04-13-Linda-Praxis-248-300x200.jpg 300w\" sizes=\"auto, (max-width: 1024px) 100vw, 1024px\" \/><\/div><\/div><\/div><div class=\"wpb_column vc_column_container\"><div class=\"vc_column-inner\"><div class=\"wpb_text_column\"><div class=\"wpb_wrapper\"><p><strong>Lernen wir uns kennen!<\/strong><br \/>\nDas Erstgespr\u00e4ch dient einem ersten Kennenlernen und bietet Ihnen Raum, um \u00fcber Ihre Anliegen zu sprechen und offene Fragen zu stellen. Ich verschaffe mir ein erstes Bild \u00fcber Ihre aktuelle Situation und gebe Ihnen einen \u00dcberblick \u00fcber die Rahmenbedingungen der Psychotherapie (Verschwiegenheit, Setting, Frequenz, Kosten, Absageregelung usw.).<\/p>\n<p><strong>Nicht jede\/r Therapeut*In passt zu jede\/r Patient*In.<\/strong><br \/>\nNehmen Sie sich nach dem Erstgespr\u00e4ch Zeit zu \u00fcberlegen, ob Sie sich eine Zusammenarbeit mit mir vorstellen k\u00f6nnen. Zentral f\u00fcr einen gelungenen Therapieprozess ist die therapeutische Beziehung zwischen Therapeut*In und Patient*In. Es kann daher sinnvoll sein, Erstgespr\u00e4che mit mehreren Therapeut*Innen zu f\u00fchren, bevor Sie sich festlegen.<\/p>\n<p>Kosten f\u00fcr das Erstgespr\u00e4ch entsprechen den Kosten einer Folgestunde (\u20ac 115,- \u00e1 50min)<\/p>\n<p><a href=\"https:\/\/psychotherapie-rothauer.at\/?page_id=26\">Zur Kontaktaufnahme<\/a><\/p>\n<\/div><\/div><\/div><\/div><\/div><\/div><\/div><\/div><\/div><\/section>\n","protected":false},"excerpt":{"rendered":"StartseiteSeitenErstgespr\u00e4chLernen wir uns kennen! Das Erstgespr\u00e4ch dient einem ersten Kennenlernen und bietet Ihnen Raum, um \u00fcber Ihre Anliegen zu sprechen und offene Fragen zu stellen. Ich verschaffe mir ein erstes Bild \u00fcber Ihre aktuelle Situation und gebe Ihnen einen \u00dcberblick \u00fcber die Rahmenbedingungen der Psychotherapie (Verschwiegenheit, Setting, Frequenz, Kosten, Absageregelung usw.). Nicht jede\/r Therapeut*In passt...","protected":false},"author":1,"featured_media":521,"parent":35,"menu_order":0,"comment_status":"closed","ping_status":"closed","template":"","meta":{"footnotes":""},"class_list":["post-37","page","type-page","status-publish","has-post-thumbnail","hentry"],"_links":{"self":[{"href":"https:\/\/psychotherapie-rothauer.at\/index.php?rest_route=\/wp\/v2\/pages\/37","targetHints":{"allow":["GET"]}}],"collection":[{"href":"https:\/\/psychotherapie-rothauer.at\/index.php?rest_route=\/wp\/v2\/pages"}],"about":[{"href":"https:\/\/psychotherapie-rothauer.at\/index.php?rest_route=\/wp\/v2\/types\/page"}],"author":[{"embeddable":true,"href":"https:\/\/psychotherapie-rothauer.at\/index.php?rest_route=\/wp\/v2\/users\/1"}],"replies":[{"embeddable":true,"href":"https:\/\/psychotherapie-rothauer.at\/index.php?rest_route=%2Fwp%2Fv2%2Fcomments&post=37"}],"version-history":[{"count":12,"href":"https:\/\/psychotherapie-rothauer.at\/index.php?rest_route=\/wp\/v2\/pages\/37\/revisions"}],"predecessor-version":[{"id":553,"href":"https:\/\/psychotherapie-rothauer.at\/index.php?rest_route=\/wp\/v2\/pages\/37\/revisions\/553"}],"up":[{"embeddable":true,"href":"https:\/\/psychotherapie-rothauer.at\/index.php?rest_route=\/wp\/v2\/pages\/35"}],"wp:featuredmedia":[{"embeddable":true,"href":"https:\/\/psychotherapie-rothauer.at\/index.php?rest_route=\/wp\/v2\/media\/521"}],"wp:attachment":[{"href":"https:\/\/psychotherapie-rothauer.at\/index.php?rest_route=%2Fwp%2Fv2%2Fmedia&parent=37"}],"curies":[{"name":"wp","href":"https:\/\/api.w.org\/{rel}","templated":true}]}}