{"id":86,"date":"2021-08-26T16:06:44","date_gmt":"2021-08-26T14:06:44","guid":{"rendered":"https:\/\/psychotherapie-rothauer.at\/?page_id=86"},"modified":"2021-08-28T16:02:20","modified_gmt":"2021-08-28T14:02:20","slug":"absageregelung-2","status":"publish","type":"page","link":"https:\/\/psychotherapie-rothauer.at\/?page_id=86","title":{"rendered":"Absageregelung"},"content":{"rendered":"<section class=\"l-section wpb_row height_small\"><div class=\"l-section-h i-cf\"><div class=\"g-cols vc_row via_grid cols_1 laptops-cols_inherit tablets-cols_inherit mobiles-cols_1 valign_top type_default stacking_default\"><div class=\"wpb_column vc_column_container\"><div class=\"vc_column-inner\"><nav class=\"g-breadcrumbs us_custom_73a5ddfc separator_icon align_left\" itemscope itemtype=\"http:\/\/schema.org\/BreadcrumbList\"><div class=\"g-breadcrumbs-item\" itemscope itemprop=\"itemListElement\" itemtype=\"http:\/\/schema.org\/ListItem\"><a itemprop=\"item\" href=\"https:\/\/psychotherapie-rothauer.at\/\"><span itemprop=\"name\">Startseite<\/span><\/a><meta itemprop=\"position\" content=\"1\"\/><\/div><div class=\"g-breadcrumbs-separator\"><i class=\"far fa-angle-right\"><\/i><\/div><div class=\"g-breadcrumbs-item\">Seiten<\/div><\/nav><div class=\"g-cols wpb_row via_grid cols_1 laptops-cols_inherit tablets-cols_inherit mobiles-cols_1 valign_top type_default stacking_default\" style=\"--columns-gap:3rem;\"><div class=\"wpb_column vc_column_container\"><div class=\"vc_column-inner\"><h3 class=\"w-text\"><span class=\"w-text-h\"><span class=\"w-text-value\">Absageregelung<\/span><\/span><\/h3><div class=\"wpb_text_column\"><div class=\"wpb_wrapper\"><p>Es kann vorkommen, dass Sie einen Termin nicht wahrnehmen k\u00f6nnen.<\/p>\n<p>Sollten Sie einen vereinbarten Termin absagen m\u00fcssen, bitte ich Sie um eine Mitteilung bis mindestens 24 Stunden vor der geplanten Einheit. Ich bitte um Verst\u00e4ndnis, dass ich Ihnen andernfalls die Einheit voll in Rechnung stellen muss.<\/p>\n<\/div><\/div><\/div><\/div><\/div><\/div><\/div><\/div><\/div><\/section>\n","protected":false},"excerpt":{"rendered":"StartseiteSeitenAbsageregelungEs kann vorkommen, dass Sie einen Termin nicht wahrnehmen k\u00f6nnen. Sollten Sie einen vereinbarten Termin absagen m\u00fcssen, bitte ich Sie um eine Mitteilung bis mindestens 24 Stunden vor der geplanten Einheit. Ich bitte um Verst\u00e4ndnis, dass ich Ihnen andernfalls die Einheit voll in Rechnung stellen muss.","protected":false},"author":1,"featured_media":0,"parent":35,"menu_order":0,"comment_status":"closed","ping_status":"closed","template":"","meta":{"footnotes":""},"class_list":["post-86","page","type-page","status-publish","hentry"],"_links":{"self":[{"href":"https:\/\/psychotherapie-rothauer.at\/index.php?rest_route=\/wp\/v2\/pages\/86","targetHints":{"allow":["GET"]}}],"collection":[{"href":"https:\/\/psychotherapie-rothauer.at\/index.php?rest_route=\/wp\/v2\/pages"}],"about":[{"href":"https:\/\/psychotherapie-rothauer.at\/index.php?rest_route=\/wp\/v2\/types\/page"}],"author":[{"embeddable":true,"href":"https:\/\/psychotherapie-rothauer.at\/index.php?rest_route=\/wp\/v2\/users\/1"}],"replies":[{"embeddable":true,"href":"https:\/\/psychotherapie-rothauer.at\/index.php?rest_route=%2Fwp%2Fv2%2Fcomments&post=86"}],"version-history":[{"count":4,"href":"https:\/\/psychotherapie-rothauer.at\/index.php?rest_route=\/wp\/v2\/pages\/86\/revisions"}],"predecessor-version":[{"id":216,"href":"https:\/\/psychotherapie-rothauer.at\/index.php?rest_route=\/wp\/v2\/pages\/86\/revisions\/216"}],"up":[{"embeddable":true,"href":"https:\/\/psychotherapie-rothauer.at\/index.php?rest_route=\/wp\/v2\/pages\/35"}],"wp:attachment":[{"href":"https:\/\/psychotherapie-rothauer.at\/index.php?rest_route=%2Fwp%2Fv2%2Fmedia&parent=86"}],"curies":[{"name":"wp","href":"https:\/\/api.w.org\/{rel}","templated":true}]}}