{"id":9,"date":"2021-08-11T18:12:18","date_gmt":"2021-08-11T16:12:18","guid":{"rendered":"https:\/\/psychotherapie-rothauer.at\/?page_id=9"},"modified":"2025-05-18T15:20:13","modified_gmt":"2025-05-18T13:20:13","slug":"index","status":"publish","type":"page","link":"https:\/\/psychotherapie-rothauer.at\/","title":{"rendered":"Index"},"content":{"rendered":"<section class=\"l-section wpb_row height_auto width_full\"><div class=\"l-section-h i-cf\"><div class=\"g-cols vc_row via_grid cols_1 laptops-cols_inherit tablets-cols_inherit mobiles-cols_1 valign_top type_default stacking_default\"><div class=\"wpb_column vc_column_container\"><div class=\"vc_column-inner\"><div class=\"w-image hide_on_default hide_on_laptops align_none\"><div class=\"w-image-h\"><img decoding=\"async\" width=\"1024\" height=\"284\" src=\"https:\/\/psychotherapie-rothauer.at\/wp-content\/uploads\/2025\/05\/2025-04-13-Linda-Praxis-226_korr_erweitert3V1-1024x284.png\" class=\"attachment-large size-large\" alt=\"\" loading=\"lazy\" srcset=\"https:\/\/psychotherapie-rothauer.at\/wp-content\/uploads\/2025\/05\/2025-04-13-Linda-Praxis-226_korr_erweitert3V1-1024x284.png 1024w, https:\/\/psychotherapie-rothauer.at\/wp-content\/uploads\/2025\/05\/2025-04-13-Linda-Praxis-226_korr_erweitert3V1-300x83.png 300w\" sizes=\"auto, (max-width: 1024px) 100vw, 1024px\" \/><\/div><\/div><\/div><\/div><\/div><\/div><\/section><section class=\"l-section wpb_row us_custom_91d7722c height_small\"><div class=\"l-section-h i-cf\"><div class=\"g-cols vc_row via_grid cols_2-1 laptops-cols_inherit tablets-cols_inherit mobiles-cols_1 valign_top type_default stacking_default\" style=\"--columns-gap:6rem;\"><div class=\"wpb_column vc_column_container\"><div class=\"vc_column-inner\"><div class=\"wpb_text_column us_custom_286a9177\"><div class=\"wpb_wrapper\"><p><strong>Psychische Probleme oder Erkrankungen sind kein Grund sich zu sch\u00e4men!<\/strong><\/p>\n<p>Sie sind kein Zeichen von Schw\u00e4che oder unzureichender Selbstdisziplin. Sie sind genauso ernst zu nehmen wie k\u00f6rperliche Erkrankungen oder Beschwerden und bed\u00fcrfen professioneller Unterst\u00fctzung!<\/p>\n<p>Wenn psychische Belastungen bzw. Probleme nicht mehr bew\u00e4ltigbar scheinen, kann Psychotherapie hilfreich sein.<\/p>\n<p>Aufgabe der Psychotherapie ist die Behandlung psychischer, psychosozialer und psychosomatischer Probleme bzw. St\u00f6rungen. Ziel ist die Linderung des seelischen Leids, die Bew\u00e4ltigung von Lebenskrisen und die Ver\u00e4nderung von dysfunktionalen Einstellungen oder Verhaltensweisen.<\/p>\n<p>Psychotherapie kann auch ein Weg sein, sich selbst besser kennenzulernen, die Lebensqualit\u00e4t zu steigern oder die pers\u00f6nliche Entwicklung f\u00f6rdern.<\/p>\n<\/div><\/div><\/div><\/div><div class=\"wpb_column vc_column_container\"><div class=\"vc_column-inner\"><div class=\"w-separator us_custom_11f41153 size_small\"><\/div><div class=\"w-iconbox iconpos_top style_default color_primary align_center no_title\"><div class=\"w-iconbox-icon\" style=\"font-size:2rem;\"><i class=\"fas fa-heartbeat\"><\/i><\/div><div class=\"w-iconbox-meta\"><div class=\"w-iconbox-text\"><p>\u201eGesundheit ist ein Zustand des vollst\u00e4ndigen k\u00f6rperlichen, geistigen und sozialen Wohlbefindens und nicht nur das Fehlen von Krankheit oder Gebrechen.\u201c \u2013 WHO Definition von Gesundheit<\/p>\n<\/div><\/div><\/div><div class=\"w-separator us_custom_2d52cdee size_medium\"><\/div><div class=\"w-iconbox iconpos_top style_default color_primary align_center no_title\"><div class=\"w-iconbox-icon\" style=\"font-size:2rem;\"><i class=\"fas fa-hands-helping\"><\/i><\/div><div class=\"w-iconbox-meta\"><div class=\"w-iconbox-text\"><p>Sie m\u00fcssen da nicht alleine durch \u2013 holen Sie sich professionelle Unterst\u00fctzung!<\/p>\n<\/div><\/div><\/div><div class=\"w-separator us_custom_2d52cdee size_medium\"><\/div><div class=\"w-iconbox iconpos_top style_default color_primary align_center no_title icontype_img\"><div class=\"w-iconbox-icon\" style=\"font-size:2,3rem;\"><img loading=\"lazy\" decoding=\"async\" width=\"512\" height=\"512\" src=\"https:\/\/psychotherapie-rothauer.at\/wp-content\/uploads\/2022\/08\/lgbt.png\" class=\"attachment-full size-full\" alt=\"\" srcset=\"https:\/\/psychotherapie-rothauer.at\/wp-content\/uploads\/2022\/08\/lgbt.png 512w, https:\/\/psychotherapie-rothauer.at\/wp-content\/uploads\/2022\/08\/lgbt-300x300.png 300w, https:\/\/psychotherapie-rothauer.at\/wp-content\/uploads\/2022\/08\/lgbt-150x150.png 150w\" sizes=\"auto, (max-width: 512px) 100vw, 512px\" \/><\/div><div class=\"w-iconbox-meta\"><div class=\"w-iconbox-text\"><p>LGBTQIA+ friendly<\/p>\n<\/div><\/div><\/div><\/div><\/div><\/div><\/div><\/section>\n","protected":false},"excerpt":{"rendered":"Psychische Probleme oder Erkrankungen sind kein Grund sich zu sch\u00e4men! Sie sind kein Zeichen von Schw\u00e4che oder unzureichender Selbstdisziplin. Sie sind genauso ernst zu nehmen wie k\u00f6rperliche Erkrankungen oder Beschwerden und bed\u00fcrfen professioneller Unterst\u00fctzung! Wenn psychische Belastungen bzw. Probleme nicht mehr bew\u00e4ltigbar scheinen, kann Psychotherapie hilfreich sein. Aufgabe der Psychotherapie ist die Behandlung psychischer, psychosozialer...","protected":false},"author":1,"featured_media":8,"parent":0,"menu_order":0,"comment_status":"closed","ping_status":"closed","template":"","meta":{"footnotes":""},"class_list":["post-9","page","type-page","status-publish","has-post-thumbnail","hentry"],"_links":{"self":[{"href":"https:\/\/psychotherapie-rothauer.at\/index.php?rest_route=\/wp\/v2\/pages\/9","targetHints":{"allow":["GET"]}}],"collection":[{"href":"https:\/\/psychotherapie-rothauer.at\/index.php?rest_route=\/wp\/v2\/pages"}],"about":[{"href":"https:\/\/psychotherapie-rothauer.at\/index.php?rest_route=\/wp\/v2\/types\/page"}],"author":[{"embeddable":true,"href":"https:\/\/psychotherapie-rothauer.at\/index.php?rest_route=\/wp\/v2\/users\/1"}],"replies":[{"embeddable":true,"href":"https:\/\/psychotherapie-rothauer.at\/index.php?rest_route=%2Fwp%2Fv2%2Fcomments&post=9"}],"version-history":[{"count":58,"href":"https:\/\/psychotherapie-rothauer.at\/index.php?rest_route=\/wp\/v2\/pages\/9\/revisions"}],"predecessor-version":[{"id":537,"href":"https:\/\/psychotherapie-rothauer.at\/index.php?rest_route=\/wp\/v2\/pages\/9\/revisions\/537"}],"wp:featuredmedia":[{"embeddable":true,"href":"https:\/\/psychotherapie-rothauer.at\/index.php?rest_route=\/wp\/v2\/media\/8"}],"wp:attachment":[{"href":"https:\/\/psychotherapie-rothauer.at\/index.php?rest_route=%2Fwp%2Fv2%2Fmedia&parent=9"}],"curies":[{"name":"wp","href":"https:\/\/api.w.org\/{rel}","templated":true}]}}